{"id":266,"date":"2026-01-15T13:41:23","date_gmt":"2026-01-15T12:41:23","guid":{"rendered":"https:\/\/www.apollo-hair-center.de\/diagnostic-point\/?page_id=266"},"modified":"2026-01-20T13:15:41","modified_gmt":"2026-01-20T12:15:41","slug":"ueber-uns","status":"publish","type":"page","link":"https:\/\/www.apollo-hair-center.de\/diagnostic-point\/ueber-uns\/","title":{"rendered":"\u00dcber uns"},"content":{"rendered":"\t\t<div data-elementor-type=\"wp-page\" data-elementor-id=\"266\" class=\"elementor elementor-266\" data-elementor-post-type=\"page\">\n\t\t\t\t<div class=\"elementor-element elementor-element-7800f6f3 e-con-full e-flex e-con e-parent\" data-id=\"7800f6f3\" data-element_type=\"container\" data-e-type=\"container\" data-settings=\"{&quot;background_background&quot;:&quot;classic&quot;}\">\n\t\t<div class=\"elementor-element elementor-element-58433ac5 animated-fast e-flex e-con-boxed elementor-invisible e-con e-child\" data-id=\"58433ac5\" data-element_type=\"container\" data-e-type=\"container\" data-settings=\"{&quot;animation&quot;:&quot;fadeIn&quot;,&quot;animation_delay&quot;:500}\">\n\t\t\t\t\t<div class=\"e-con-inner\">\n\t\t\t\t<div class=\"elementor-element elementor-element-2d7e6288 elementor-widget elementor-widget-heading\" data-id=\"2d7e6288\" data-element_type=\"widget\" data-e-type=\"widget\" data-widget_type=\"heading.default\">\n\t\t\t\t\t<p class=\"elementor-heading-title elementor-size-default\">\u00dcBER UNS<\/p>\t\t\t\t<\/div>\n\t\t\t\t<div class=\"elementor-element elementor-element-1763f22 elementor-widget elementor-widget-heading\" data-id=\"1763f22\" data-element_type=\"widget\" data-e-type=\"widget\" data-widget_type=\"heading.default\">\n\t\t\t\t\t<h1 class=\"elementor-heading-title elementor-size-default\">Moderne Technologie, meisterhafte Erfahrung<\/h1>\t\t\t\t<\/div>\n\t\t\t\t<div class=\"elementor-element elementor-element-1553ff9 elementor-widget elementor-widget-text-editor\" data-id=\"1553ff9\" data-element_type=\"widget\" data-e-type=\"widget\" data-widget_type=\"text-editor.default\">\n\t\t\t\t\t\t\t\t\t<p data-start=\"116\" data-end=\"574\">Rolf Koch vereint langj\u00e4hrige Erfahrung als Friseurmeister, Zweithaar-Experte und Buchautor zum Thema Haare und Haarausfall. Dank seiner umfassenden Expertise ist er der ideale Begleiter f\u00fcr fundierte Kopfhaut- und Haaranalysen. Auf Basis dieser Analysen zeigt er praxisnah die passenden L\u00f6sungen \u2013 von Haarpflege \u00fcber Haarintegration bis zu Haarimplantaten \u2013 und gibt Betroffenen so verl\u00e4ssliche Orientierung und Sicherheit f\u00fcr ihre pers\u00f6nliche Situation.<\/p>\t\t\t\t\t\t\t\t<\/div>\n\t\t\t\t\t<\/div>\n\t\t\t\t<\/div>\n\t\t<div class=\"elementor-element elementor-element-51b7abff e-flex e-con-boxed e-con e-child\" data-id=\"51b7abff\" data-element_type=\"container\" data-e-type=\"container\">\n\t\t\t\t\t<div class=\"e-con-inner\">\n\t\t<div class=\"elementor-element elementor-element-721ef54f e-grid e-con-full e-con e-child\" data-id=\"721ef54f\" data-element_type=\"container\" data-e-type=\"container\">\n\t\t\t\t<div class=\"elementor-element elementor-element-1716ee79 animated-fast elementor-invisible elementor-widget elementor-widget-icon-box\" data-id=\"1716ee79\" data-element_type=\"widget\" data-e-type=\"widget\" data-settings=\"{&quot;_animation&quot;:&quot;fadeIn&quot;,&quot;_animation_delay&quot;:600}\" data-widget_type=\"icon-box.default\">\n\t\t\t\t\t\t\t<div class=\"elementor-icon-box-wrapper\">\n\n\t\t\t\n\t\t\t\t\t\t<div class=\"elementor-icon-box-content\">\n\n\t\t\t\t\t\t\t\t\t<h2 class=\"elementor-icon-box-title\">\n\t\t\t\t\t\t<span  >\n\t\t\t\t\t\t\tErfahrung\t\t\t\t\t\t<\/span>\n\t\t\t\t\t<\/h2>\n\t\t\t\t\n\t\t\t\t\t\t\t\t\t<p class=\"elementor-icon-box-description\">\n\t\t\t\t\t\tNach seiner Meisterpr\u00fcfung er\u00f6ffnete Rolf Koch 1967 seinen ersten eigenen Salon in Bremen. Bald folgten weitere Standorte, darunter ein Salon am Strand von Cuxhaven-Duhnen, einer in Nienburg an der Weser sowie das Hauptgesch\u00e4ft in der Ansgari-Passage in der Bremer City. Seit 1997 befindet sich sein Haarstudio im Bremer Ortsteil Horn-Lehe\t\t\t\t\t<\/p>\n\t\t\t\t\n\t\t\t<\/div>\n\t\t\t\n\t\t<\/div>\n\t\t\t\t\t\t<\/div>\n\t\t\t\t<div class=\"elementor-element elementor-element-3e020035 animated-fast elementor-invisible elementor-widget elementor-widget-icon-box\" data-id=\"3e020035\" data-element_type=\"widget\" data-e-type=\"widget\" data-settings=\"{&quot;_animation&quot;:&quot;fadeIn&quot;,&quot;_animation_delay&quot;:700}\" data-widget_type=\"icon-box.default\">\n\t\t\t\t\t\t\t<div class=\"elementor-icon-box-wrapper\">\n\n\t\t\t\n\t\t\t\t\t\t<div class=\"elementor-icon-box-content\">\n\n\t\t\t\t\t\t\t\t\t<h2 class=\"elementor-icon-box-title\">\n\t\t\t\t\t\t<span  >\n\t\t\t\t\t\t\tZweithaar-Spezialist\t\t\t\t\t\t<\/span>\n\t\t\t\t\t<\/h2>\n\t\t\t\t\n\t\t\t\t\t\t\t\t\t<p class=\"elementor-icon-box-description\">\n\t\t\t\t\t\t1990 absolvierte Rolf Koch eine berufliche Weiterbildung im Zweithaarbereich in Oslo. Dort erlernte er bei Friseurweltmeister Kore Nielsen spezielle Techniken zur Haarintegration mittels Hair Bonding von Apollo-Hair aus den USA. Anschlie\u00dfend \u00fcbernahm er die Rolle des Repr\u00e4sentanten von Apollo-Hair USA in Deutschland.\t\t\t\t\t<\/p>\n\t\t\t\t\n\t\t\t<\/div>\n\t\t\t\n\t\t<\/div>\n\t\t\t\t\t\t<\/div>\n\t\t\t\t<div class=\"elementor-element elementor-element-524b20b8 animated-fast elementor-invisible elementor-widget elementor-widget-icon-box\" data-id=\"524b20b8\" data-element_type=\"widget\" data-e-type=\"widget\" data-settings=\"{&quot;_animation&quot;:&quot;fadeIn&quot;,&quot;_animation_delay&quot;:800}\" data-widget_type=\"icon-box.default\">\n\t\t\t\t\t\t\t<div class=\"elementor-icon-box-wrapper\">\n\n\t\t\t\n\t\t\t\t\t\t<div class=\"elementor-icon-box-content\">\n\n\t\t\t\t\t\t\t\t\t<h2 class=\"elementor-icon-box-title\">\n\t\t\t\t\t\t<a href=\"#mehr-haare\" >\n\t\t\t\t\t\t\tBuchautor\t\t\t\t\t\t<\/a>\n\t\t\t\t\t<\/h2>\n\t\t\t\t\n\t\t\t\t\t\t\t\t\t<p class=\"elementor-icon-box-description\">\n\t\t\t\t\t\tRolf Koch hat mit <i>MEHR HAARE<\/i> ein Fachbuch \u00fcber Haare und Haarausfall verfasst, das sowohl die verschiedenen Ursachen und Arten von Haarausfall erkl\u00e4rt als auch die nahtlose Verbindung von Haarimplantaten und Haarintegration vorstellt.\t\t\t\t\t<\/p>\n\t\t\t\t\n\t\t\t<\/div>\n\t\t\t\n\t\t<\/div>\n\t\t\t\t\t\t<\/div>\n\t\t\t\t<\/div>\n\t\t\t\t\t<\/div>\n\t\t\t\t<\/div>\n\t\t<div class=\"elementor-element elementor-element-f0cbec9 e-flex e-con-boxed e-con e-child\" data-id=\"f0cbec9\" data-element_type=\"container\" data-e-type=\"container\">\n\t\t\t\t\t<div class=\"e-con-inner\">\n\t\t\t\t<div class=\"elementor-element elementor-element-c8afcdd elementor-widget elementor-widget-button\" data-id=\"c8afcdd\" data-element_type=\"widget\" data-e-type=\"widget\" data-widget_type=\"button.default\">\n\t\t\t\t\t\t\t\t\t\t<a class=\"elementor-button elementor-button-link elementor-size-sm\" href=\"https:\/\/www.apollo-hair-center.de\/diagnostic-point\/haar-und-kopfhautdiagnostik\/\">\n\t\t\t\t\t\t<span class=\"elementor-button-content-wrapper\">\n\t\t\t\t\t\t\t\t\t<span class=\"elementor-button-text\">Buchen Sie jetzt Ihren Termin f\u00fcr eine Kopfhaut- und Haaranalyse<\/span>\n\t\t\t\t\t<\/span>\n\t\t\t\t\t<\/a>\n\t\t\t\t\t\t\t\t<\/div>\n\t\t\t\t\t<\/div>\n\t\t\t\t<\/div>\n\t\t\t\t<\/div>\n\t\t<div class=\"elementor-element elementor-element-af17401 e-flex e-con-boxed e-con e-parent\" data-id=\"af17401\" data-element_type=\"container\" data-e-type=\"container\" id=\"mehr-haare\" data-settings=\"{&quot;background_background&quot;:&quot;classic&quot;}\">\n\t\t\t\t\t<div class=\"e-con-inner\">\n\t\t<div class=\"elementor-element elementor-element-316859fe e-grid e-con-boxed e-con e-child\" data-id=\"316859fe\" data-element_type=\"container\" data-e-type=\"container\">\n\t\t\t\t\t<div class=\"e-con-inner\">\n\t\t\t\t<div class=\"elementor-element elementor-element-432e850f animated-fast elementor-invisible elementor-widget elementor-widget-image\" data-id=\"432e850f\" data-element_type=\"widget\" data-e-type=\"widget\" data-settings=\"{&quot;_animation&quot;:&quot;fadeIn&quot;,&quot;_animation_delay&quot;:500}\" data-widget_type=\"image.default\">\n\t\t\t\t\t\t\t\t\t\t\t\t\t\t\t\t<a href=\"https:\/\/double-hair-system.de\/produkt\/mehr-haare-ratgeber\/\">\n\t\t\t\t\t\t\t<img fetchpriority=\"high\" decoding=\"async\" width=\"1800\" height=\"1301\" src=\"https:\/\/www.apollo-hair-center.de\/diagnostic-point\/wp-content\/uploads\/2026\/01\/rolf-koch_mehr-haare.jpg\" class=\"attachment-full size-full wp-image-288\" alt=\"Buch Cover Mehr Haare\" srcset=\"https:\/\/www.apollo-hair-center.de\/diagnostic-point\/wp-content\/uploads\/2026\/01\/rolf-koch_mehr-haare.jpg 1800w, https:\/\/www.apollo-hair-center.de\/diagnostic-point\/wp-content\/uploads\/2026\/01\/rolf-koch_mehr-haare-300x217.jpg 300w, https:\/\/www.apollo-hair-center.de\/diagnostic-point\/wp-content\/uploads\/2026\/01\/rolf-koch_mehr-haare-1024x740.jpg 1024w, https:\/\/www.apollo-hair-center.de\/diagnostic-point\/wp-content\/uploads\/2026\/01\/rolf-koch_mehr-haare-768x555.jpg 768w, https:\/\/www.apollo-hair-center.de\/diagnostic-point\/wp-content\/uploads\/2026\/01\/rolf-koch_mehr-haare-1536x1110.jpg 1536w\" sizes=\"(max-width: 1800px) 100vw, 1800px\" \/>\t\t\t\t\t\t\t\t<\/a>\n\t\t\t\t\t\t\t\t\t\t\t\t\t\t\t<\/div>\n\t\t<div class=\"elementor-element elementor-element-2bd249e7 e-con-full animated-fast e-flex elementor-invisible e-con e-child\" data-id=\"2bd249e7\" data-element_type=\"container\" data-e-type=\"container\" data-settings=\"{&quot;animation&quot;:&quot;fadeIn&quot;,&quot;animation_delay&quot;:750}\">\n\t\t\t\t<div class=\"elementor-element elementor-element-bdae4aa elementor-widget elementor-widget-heading\" data-id=\"bdae4aa\" data-element_type=\"widget\" data-e-type=\"widget\" data-widget_type=\"heading.default\">\n\t\t\t\t\t<h3 class=\"elementor-heading-title elementor-size-default\">Mehr Haare<\/h3>\t\t\t\t<\/div>\n\t\t\t\t<div class=\"elementor-element elementor-element-4ec0c208 elementor-widget elementor-widget-text-editor\" data-id=\"4ec0c208\" data-element_type=\"widget\" data-e-type=\"widget\" data-widget_type=\"text-editor.default\">\n\t\t\t\t\t\t\t\t\t<p>Ihr Ratgeber: Haarerg\u00e4nzung, Haarimplantat oder eine Kombination?<\/p>\t\t\t\t\t\t\t\t<\/div>\n\t\t\t\t<div class=\"elementor-element elementor-element-11461dbe elementor-widget elementor-widget-text-editor\" data-id=\"11461dbe\" data-element_type=\"widget\" data-e-type=\"widget\" data-widget_type=\"text-editor.default\">\n\t\t\t\t\t\t\t\t\t<p>Haarausfall betrifft viele Frauen und M\u00e4nner und wirft h\u00e4ufig Fragen und Unsicherheiten auf. Dieses Fachbuch erkl\u00e4rt verst\u00e4ndlich die Ursachen von Haarverlust und zeigt, welche M\u00f6glichkeiten zur Verbesserung der Haarsituation bestehen. Vorgestellt werden unter anderem L\u00f6sungen wie Zweithaar, Haarimplantate oder eine sinnvolle Kombination beider Systeme. Ziel ist es, Betroffenen einen klaren \u00dcberblick zu geben und sie dabei zu unterst\u00fctzen, den individuell passenden Weg zu finden und fundierte Entscheidungen zu treffen.<\/p>\t\t\t\t\t\t\t\t<\/div>\n\t\t\t\t<div class=\"elementor-element elementor-element-d69a861 elementor-widget elementor-widget-button\" data-id=\"d69a861\" data-element_type=\"widget\" data-e-type=\"widget\" data-widget_type=\"button.default\">\n\t\t\t\t\t\t\t\t\t\t<a class=\"elementor-button elementor-button-link elementor-size-sm\" href=\"https:\/\/double-hair-system.de\/produkt\/mehr-haare-ratgeber\/\">\n\t\t\t\t\t\t<span class=\"elementor-button-content-wrapper\">\n\t\t\t\t\t\t\t\t\t<span class=\"elementor-button-text\">Weitere Infos<\/span>\n\t\t\t\t\t<\/span>\n\t\t\t\t\t<\/a>\n\t\t\t\t\t\t\t\t<\/div>\n\t\t\t\t<\/div>\n\t\t\t\t\t<\/div>\n\t\t\t\t<\/div>\n\t\t\t\t\t<\/div>\n\t\t\t\t<\/div>\n\t\t\t\t<\/div>\n\t\t","protected":false},"excerpt":{"rendered":"<p>\u00dcBER UNS Moderne Technologie, meisterhafte Erfahrung Rolf Koch vereint langj\u00e4hrige Erfahrung als Friseurmeister, Zweithaar-Experte und Buchautor zum Thema Haare und Haarausfall. Dank seiner umfassenden Expertise ist er der ideale Begleiter f\u00fcr fundierte Kopfhaut- und Haaranalysen. Auf Basis dieser Analysen zeigt er praxisnah die passenden L\u00f6sungen \u2013 von Haarpflege \u00fcber Haarintegration bis zu Haarimplantaten \u2013 und [&hellip;]<\/p>\n","protected":false},"author":1,"featured_media":0,"parent":0,"menu_order":0,"comment_status":"closed","ping_status":"closed","template":"","meta":{"footnotes":""},"class_list":["post-266","page","type-page","status-publish","hentry"],"_links":{"self":[{"href":"https:\/\/www.apollo-hair-center.de\/diagnostic-point\/wp-json\/wp\/v2\/pages\/266","targetHints":{"allow":["GET"]}}],"collection":[{"href":"https:\/\/www.apollo-hair-center.de\/diagnostic-point\/wp-json\/wp\/v2\/pages"}],"about":[{"href":"https:\/\/www.apollo-hair-center.de\/diagnostic-point\/wp-json\/wp\/v2\/types\/page"}],"author":[{"embeddable":true,"href":"https:\/\/www.apollo-hair-center.de\/diagnostic-point\/wp-json\/wp\/v2\/users\/1"}],"replies":[{"embeddable":true,"href":"https:\/\/www.apollo-hair-center.de\/diagnostic-point\/wp-json\/wp\/v2\/comments?post=266"}],"version-history":[{"count":64,"href":"https:\/\/www.apollo-hair-center.de\/diagnostic-point\/wp-json\/wp\/v2\/pages\/266\/revisions"}],"predecessor-version":[{"id":352,"href":"https:\/\/www.apollo-hair-center.de\/diagnostic-point\/wp-json\/wp\/v2\/pages\/266\/revisions\/352"}],"wp:attachment":[{"href":"https:\/\/www.apollo-hair-center.de\/diagnostic-point\/wp-json\/wp\/v2\/media?parent=266"}],"curies":[{"name":"wp","href":"https:\/\/api.w.org\/{rel}","templated":true}]}}