{"id":109,"date":"2020-04-06T22:36:07","date_gmt":"2020-04-06T20:36:07","guid":{"rendered":"http:\/\/www.apollo-hair-center.de\/perueckenreinigungsservice\/?page_id=109"},"modified":"2020-04-21T00:24:39","modified_gmt":"2020-04-20T22:24:39","slug":"impressum","status":"publish","type":"page","link":"https:\/\/www.apollo-hair-center.de\/perueckenreinigungsservice\/impressum\/","title":{"rendered":"Impressum"},"content":{"rendered":"<div style=\"height:20px\" aria-hidden=\"true\" class=\"wp-block-spacer\"><\/div><h4 class=\"wp-block-heading\">Gesetzliche Anbieterkennung:<\/h4><p>Koch-Products GmbH<br>Gesch\u00e4ftsf\u00fchrer: Rolf Koch<br>Klattendiek 1<br>28359 Bremen<br>Deutschland<br><br>Handeslregister-Nr.: HRB18273<br>Ust.-Id.-Nr.: DE196934697<br><br>Telefon: 0421 23 45 68<br>Telefax: 0421 20 37 02<br>E-Mail: info@apollo-hair-center.de<\/p><p>Die Europ\u00e4ische Kommission stellt eine Plattform f\u00fcr die au\u00dfergerichtliche Online-Streitbeilegung (OS-Plattform) bereit, aufrufbar unter http:\/\/ec.europa.eu\/odr.<\/p><h4 class=\"wp-block-heading\">Rechtliche Hinweise zur Webseite<\/h4><p>Alle Texte, Bilder und weiter hier ver\u00f6ffentlichten Informationen unterliegen dem Urheberrecht des Anbieters, soweit nicht Urheberrechte Dritter bestehen. In jedem Fall ist eine Vervielf\u00e4ltigung, Verbreitung oder \u00f6ffentliche Wiedergabe ausschlie\u00dflich im Falle einer widerruflichen und nicht \u00fcbertragbaren Zustimmung des Anbieters gestattet.<\/p><p>F\u00fcr alle mittels Querverweis (Link) verbundenen Webinhalte \u00fcbernimmt der Anbieter keine Verantwortung, da es sich hierbei nicht um eigene Inhalte handelt. Die verlinkten Seiten wurden auf rechtswidrige Inhalte \u00fcberpr\u00fcft, zum Zeitpunkt der Verlinkung waren solche nicht erkennbar. Verantwortlich f\u00fcr den Inhalt der verlinkten Seiten ist deren Betreiber. Der Anbieter hat hierzu keine allgemeine \u00dcberwachungs- und Pr\u00fcfungspflicht. Bei Bekanntwerden einer Rechtsverletzung wird der entsprechende Link jedoch umgehend entfernt.<\/p>","protected":false},"excerpt":{"rendered":"<p>Gesetzliche Anbieterkennung: Koch-Products GmbHGesch\u00e4ftsf\u00fchrer: Rolf KochKlattendiek 128359 BremenDeutschland Handeslregister-Nr.: HRB18273Ust.-Id.-Nr.: DE196934697 Telefon: 0421 23 45 68Telefax: 0421 20 37 02E-Mail: info@apollo-hair-center.de Die Europ\u00e4ische Kommission stellt eine Plattform f\u00fcr die au\u00dfergerichtliche Online-Streitbeilegung (OS-Plattform) bereit, aufrufbar unter http:\/\/ec.europa.eu\/odr. Rechtliche Hinweise zur Webseite Alle Texte, Bilder und weiter hier ver\u00f6ffentlichten Informationen unterliegen dem Urheberrecht des Anbieters, soweit nicht [&hellip;]<\/p>\n","protected":false},"author":1,"featured_media":0,"parent":0,"menu_order":0,"comment_status":"closed","ping_status":"closed","template":"","meta":{"footnotes":""},"class_list":["post-109","page","type-page","status-publish","hentry"],"_links":{"self":[{"href":"https:\/\/www.apollo-hair-center.de\/perueckenreinigungsservice\/wp-json\/wp\/v2\/pages\/109"}],"collection":[{"href":"https:\/\/www.apollo-hair-center.de\/perueckenreinigungsservice\/wp-json\/wp\/v2\/pages"}],"about":[{"href":"https:\/\/www.apollo-hair-center.de\/perueckenreinigungsservice\/wp-json\/wp\/v2\/types\/page"}],"author":[{"embeddable":true,"href":"https:\/\/www.apollo-hair-center.de\/perueckenreinigungsservice\/wp-json\/wp\/v2\/users\/1"}],"replies":[{"embeddable":true,"href":"https:\/\/www.apollo-hair-center.de\/perueckenreinigungsservice\/wp-json\/wp\/v2\/comments?post=109"}],"version-history":[{"count":3,"href":"https:\/\/www.apollo-hair-center.de\/perueckenreinigungsservice\/wp-json\/wp\/v2\/pages\/109\/revisions"}],"predecessor-version":[{"id":311,"href":"https:\/\/www.apollo-hair-center.de\/perueckenreinigungsservice\/wp-json\/wp\/v2\/pages\/109\/revisions\/311"}],"wp:attachment":[{"href":"https:\/\/www.apollo-hair-center.de\/perueckenreinigungsservice\/wp-json\/wp\/v2\/media?parent=109"}],"curies":[{"name":"wp","href":"https:\/\/api.w.org\/{rel}","templated":true}]}}