{"id":8,"date":"2020-03-31T16:56:31","date_gmt":"2020-03-31T14:56:31","guid":{"rendered":"http:\/\/www.apollo-hair-center.de\/perueckenreinigungsservice\/?page_id=8"},"modified":"2020-04-06T22:30:40","modified_gmt":"2020-04-06T20:30:40","slug":"kontakt","status":"publish","type":"page","link":"https:\/\/www.apollo-hair-center.de\/perueckenreinigungsservice\/kontakt\/","title":{"rendered":"Kontakt"},"content":{"rendered":"<p>Haben Sie Fragen oder ben\u00f6tigen Sie Hilfe. Z\u00f6gern Sie bitte nicht, uns anzusprechen. Wir sind sehr gerne f\u00fcr Sie da. <\/p><p>Rufen Sie uns einfach an:  0421 \u2013 23 45 68<\/p><p>Schreiben Sie uns eine E-Mail: <a href=\"mailto:info@apollo-hair-center.de\">info@apollo-hair-center.de<\/a><\/p><p>Oder nutzen Sie dieses Kontaktformular:<\/p><p>[contact-form-7 id=&#8220;104&#8243; title=&#8220;Kontaktformular 1&#8243;]<\/p>","protected":false},"excerpt":{"rendered":"<p>Haben Sie Fragen oder ben\u00f6tigen Sie Hilfe. Z\u00f6gern Sie bitte nicht, uns anzusprechen. Wir sind sehr gerne f\u00fcr Sie da. Rufen Sie uns einfach an: 0421 \u2013 23 45 68 Schreiben Sie uns eine E-Mail: info@apollo-hair-center.de Oder nutzen Sie dieses Kontaktformular:<\/p>\n","protected":false},"author":1,"featured_media":0,"parent":0,"menu_order":0,"comment_status":"closed","ping_status":"closed","template":"","meta":{"footnotes":""},"class_list":["post-8","page","type-page","status-publish","hentry"],"_links":{"self":[{"href":"https:\/\/www.apollo-hair-center.de\/perueckenreinigungsservice\/wp-json\/wp\/v2\/pages\/8"}],"collection":[{"href":"https:\/\/www.apollo-hair-center.de\/perueckenreinigungsservice\/wp-json\/wp\/v2\/pages"}],"about":[{"href":"https:\/\/www.apollo-hair-center.de\/perueckenreinigungsservice\/wp-json\/wp\/v2\/types\/page"}],"author":[{"embeddable":true,"href":"https:\/\/www.apollo-hair-center.de\/perueckenreinigungsservice\/wp-json\/wp\/v2\/users\/1"}],"replies":[{"embeddable":true,"href":"https:\/\/www.apollo-hair-center.de\/perueckenreinigungsservice\/wp-json\/wp\/v2\/comments?post=8"}],"version-history":[{"count":5,"href":"https:\/\/www.apollo-hair-center.de\/perueckenreinigungsservice\/wp-json\/wp\/v2\/pages\/8\/revisions"}],"predecessor-version":[{"id":108,"href":"https:\/\/www.apollo-hair-center.de\/perueckenreinigungsservice\/wp-json\/wp\/v2\/pages\/8\/revisions\/108"}],"wp:attachment":[{"href":"https:\/\/www.apollo-hair-center.de\/perueckenreinigungsservice\/wp-json\/wp\/v2\/media?parent=8"}],"curies":[{"name":"wp","href":"https:\/\/api.w.org\/{rel}","templated":true}]}}