{"id":213,"date":"2020-04-20T17:27:56","date_gmt":"2020-04-20T15:27:56","guid":{"rendered":"https:\/\/www.apollo-hair-center.de\/perueckenreinigungsservice\/?post_type=product&#038;p=213"},"modified":"2020-04-20T17:27:56","modified_gmt":"2020-04-20T15:27:56","slug":"hair-shine-fuer-synthetik-und-echthaar-managertop","status":"publish","type":"product","link":"https:\/\/www.apollo-hair-center.de\/perueckenreinigungsservice\/produkt\/hair-shine-fuer-synthetik-und-echthaar-managertop\/","title":{"rendered":"Hair Shine f\u00fcr Synthetik- und Echthaar &#8211; managertop"},"content":{"rendered":"<p>Hair Shine f\u00fcr Synthetik- und Echthaar &#8211; managertop<br \/>\n200 ml<br \/>\nGlanz- und Frisierspray mit UV-Schutz, f\u00fcr die t\u00e4gliche Anwendung<\/p>\n","protected":false},"excerpt":{"rendered":"<p>Hair Shine f\u00fcr Synthetik- und Echthaar &#8211; managertop 200 ml Glanz- und Frisierspray mit UV-Schutz, f\u00fcr die t\u00e4gliche Anwendung<\/p>\n","protected":false},"featured_media":214,"template":"","meta":[],"product_cat":[43],"product_tag":[],"class_list":{"0":"post-213","1":"product","2":"type-product","3":"status-publish","4":"has-post-thumbnail","6":"product_cat-pflege-fuer-synthetische-und-echte-haare","8":"first","9":"instock","10":"taxable","11":"shipping-taxable","12":"purchasable","13":"product-type-simple"},"_links":{"self":[{"href":"https:\/\/www.apollo-hair-center.de\/perueckenreinigungsservice\/wp-json\/wp\/v2\/product\/213"}],"collection":[{"href":"https:\/\/www.apollo-hair-center.de\/perueckenreinigungsservice\/wp-json\/wp\/v2\/product"}],"about":[{"href":"https:\/\/www.apollo-hair-center.de\/perueckenreinigungsservice\/wp-json\/wp\/v2\/types\/product"}],"wp:featuredmedia":[{"embeddable":true,"href":"https:\/\/www.apollo-hair-center.de\/perueckenreinigungsservice\/wp-json\/wp\/v2\/media\/214"}],"wp:attachment":[{"href":"https:\/\/www.apollo-hair-center.de\/perueckenreinigungsservice\/wp-json\/wp\/v2\/media?parent=213"}],"wp:term":[{"taxonomy":"product_cat","embeddable":true,"href":"https:\/\/www.apollo-hair-center.de\/perueckenreinigungsservice\/wp-json\/wp\/v2\/product_cat?post=213"},{"taxonomy":"product_tag","embeddable":true,"href":"https:\/\/www.apollo-hair-center.de\/perueckenreinigungsservice\/wp-json\/wp\/v2\/product_tag?post=213"}],"curies":[{"name":"wp","href":"https:\/\/api.w.org\/{rel}","templated":true}]}}